{"id":1998,"date":"2018-02-15T11:48:03","date_gmt":"2018-02-15T19:48:03","guid":{"rendered":"http:\/\/stage-emergency.venturacounty.gov\/?page_id=1998"},"modified":"2025-11-07T11:50:08","modified_gmt":"2025-11-07T19:50:08","slug":"contact-us","status":"publish","type":"page","link":"https:\/\/stage-emergency.venturacounty.gov\/es\/contact-us\/","title":{"rendered":"Cont\u00e1ctenos"},"content":{"rendered":"<div data-elementor-type=\"wp-post\" data-elementor-id=\"1998\" class=\"elementor elementor-1998\" data-elementor-post-type=\"page\">\n\t\t\t\t\t\t<section class=\"elementor-section elementor-top-section elementor-element elementor-element-313b5392 elementor-section-boxed elementor-section-height-default elementor-section-height-default\" data-id=\"313b5392\" data-element_type=\"section\">\n\t\t\t\t\t\t<div class=\"elementor-container elementor-column-gap-default\">\n\t\t\t\t\t<div class=\"elementor-column elementor-col-66 elementor-top-column elementor-element elementor-element-225517ca\" data-id=\"225517ca\" data-element_type=\"column\">\n\t\t\t<div class=\"elementor-widget-wrap elementor-element-populated\">\n\t\t\t\t\t\t<div class=\"elementor-element elementor-element-754af65 elementor-widget elementor-widget-heading\" data-id=\"754af65\" data-element_type=\"widget\" data-widget_type=\"heading.default\">\n\t\t\t\t<div class=\"elementor-widget-container\">\n\t\t\t\t\t<h2 class=\"elementor-heading-title elementor-size-default\">Cont\u00e1ctenos<\/h2>\t\t\t\t<\/div>\n\t\t\t\t<\/div>\n\t\t\t\t<div class=\"elementor-element elementor-element-2c70389c elementor-widget__width-initial elementor-widget elementor-widget-text-editor\" data-id=\"2c70389c\" data-element_type=\"widget\" data-widget_type=\"text-editor.default\">\n\t\t\t\t<div class=\"elementor-widget-container\">\n\t\t\t\t\t\t\t\t\t<h3>Oficina de Servicios de Emergencia del Sheriff del Condado de Ventura<\/h3><p>El equipo de Servicios de Emergencia del Sheriff del Condado de Ventura se dedica a proteger la vida, la propiedad y el medio ambiente al liderar el desarrollo y la implementaci\u00f3n de un plan cooperativo de preparaci\u00f3n, mitigaci\u00f3n, respuesta y recuperaci\u00f3n ante emergencias en todo el condado, aprovechando todos los recursos locales, estatales y federales. Coordinamos la preparaci\u00f3n y la respuesta ante desastres con las diez ciudades, organizaciones p\u00fablicas y privadas y grupos comunitarios y c\u00edvicos para desarrollar la resiliencia comunitaria.<\/p><ul><li><strong>L\u00ednea directa de informaci\u00f3n sobre incidentes \u2013 <a href=\"tel:805&#045;4&#054;5-&#054;650\">805&#45;4&#54;5-&#54;650<\/a><\/strong><\/li><li><strong>L\u00ednea de negocio de la Oficina de Servicios de Emergencia \u2013 <a href=\"tel:8&#048;5-6&#053;4&#045;2&#053;&#053;&#049;\">8&#48;5-6&#53;4&#45;2&#53;&#53;&#49;<\/a><\/strong><\/li><li><strong>L\u00ednea directa de registro del sistema de notificaci\u00f3n de emergencias VC Alert \u2013 <a href=\"tel:&#056;05-64&#056;&#045;928&#051;\">&#56;05-64&#56;&#45;928&#51;<\/a><\/strong><\/li><\/ul>\t\t\t\t\t\t\t\t<\/div>\n\t\t\t\t<\/div>\n\t\t\t\t\t<\/div>\n\t\t<\/div>\n\t\t\t\t<div class=\"elementor-column elementor-col-33 elementor-top-column elementor-element elementor-element-6d11a74 elementor-hidden-tablet elementor-hidden-mobile\" data-id=\"6d11a74\" data-element_type=\"column\" data-settings=\"{&quot;background_background&quot;:&quot;classic&quot;}\">\n\t\t\t<div class=\"elementor-widget-wrap elementor-element-populated\">\n\t\t\t\t\t<div class=\"elementor-background-overlay\"><\/div>\n\t\t\t\t\t\t<div class=\"elementor-element elementor-element-645a1e4 elementor-widget elementor-widget-heading\" data-id=\"645a1e4\" data-element_type=\"widget\" data-widget_type=\"heading.default\">\n\t\t\t\t<div class=\"elementor-widget-container\">\n\t\t\t\t\t<h3 class=\"elementor-heading-title elementor-size-default\">Reg\u00edstrese para recibir VCAlert<\/h3>\t\t\t\t<\/div>\n\t\t\t\t<\/div>\n\t\t\t\t<div class=\"elementor-element elementor-element-e8b9afc elementor-widget elementor-widget-image\" data-id=\"e8b9afc\" data-element_type=\"widget\" data-widget_type=\"image.default\">\n\t\t\t\t<div class=\"elementor-widget-container\">\n\t\t\t\t\t\t\t\t\t\t\t\t\t\t\t<img fetchpriority=\"high\" decoding=\"async\" width=\"700\" height=\"163\" src=\"https:\/\/stage-emergency.venturacounty.gov\/wp-content\/smush-webp\/2024\/12\/VC-Alert-Logo-2019-700x163-1-copy.png.webp\" class=\"attachment-large size-large wp-image-6006\" alt=\"Logo of VC Alert Emergency Notification System with a smartphone icon displaying a red exclamation mark.\" srcset=\"https:\/\/stage-emergency.venturacounty.gov\/wp-content\/smush-webp\/2024\/12\/VC-Alert-Logo-2019-700x163-1-copy.png.webp 700w, https:\/\/stage-emergency.venturacounty.gov\/wp-content\/smush-webp\/2024\/12\/VC-Alert-Logo-2019-700x163-1-copy-300x70.png.webp 300w\" sizes=\"(max-width: 700px) 100vw, 700px\" \/>\t\t\t\t\t\t\t\t\t\t\t\t\t\t\t<\/div>\n\t\t\t\t<\/div>\n\t\t\t\t<div class=\"elementor-element elementor-element-cc0c6c8 elementor-align-justify elementor-widget elementor-widget-button\" data-id=\"cc0c6c8\" data-element_type=\"widget\" data-widget_type=\"button.default\">\n\t\t\t\t<div class=\"elementor-widget-container\">\n\t\t\t\t\t\t\t\t\t<div class=\"elementor-button-wrapper\">\n\t\t\t\t\t<a class=\"elementor-button elementor-button-link elementor-size-sm\" href=\"https:\/\/member.everbridge.net\/1772417038942453\/new\">\n\t\t\t\t\t\t<span class=\"elementor-button-content-wrapper\">\n\t\t\t\t\t\t<span class=\"elementor-button-icon\">\n\t\t\t\t<i aria-hidden=\"true\" class=\"far fa-bell\"><\/i>\t\t\t<\/span>\n\t\t\t\t\t\t\t\t\t<span class=\"elementor-button-text\">Reg\u00edstrate ahora<\/span>\n\t\t\t\t\t<\/span>\n\t\t\t\t\t<\/a>\n\t\t\t\t<\/div>\n\t\t\t\t\t\t\t\t<\/div>\n\t\t\t\t<\/div>\n\t\t\t\t<div class=\"elementor-element elementor-element-98c85f7 elementor-widget-divider--view-line elementor-widget elementor-widget-divider\" data-id=\"98c85f7\" data-element_type=\"widget\" data-widget_type=\"divider.default\">\n\t\t\t\t<div class=\"elementor-widget-container\">\n\t\t\t\t\t\t\t<div class=\"elementor-divider\">\n\t\t\t<span class=\"elementor-divider-separator\">\n\t\t\t\t\t\t<\/span>\n\t\t<\/div>\n\t\t\t\t\t\t<\/div>\n\t\t\t\t<\/div>\n\t\t\t\t<div class=\"elementor-element elementor-element-5369680 elementor-widget elementor-widget-heading\" data-id=\"5369680\" data-element_type=\"widget\" data-widget_type=\"heading.default\">\n\t\t\t\t<div class=\"elementor-widget-container\">\n\t\t\t\t\t<h3 class=\"elementor-heading-title elementor-size-default\">Panel de control y mapa de incidentes en tiempo real<\/h3>\t\t\t\t<\/div>\n\t\t\t\t<\/div>\n\t\t\t\t<div class=\"elementor-element elementor-element-9857eca elementor-align-justify elementor-widget elementor-widget-button\" data-id=\"9857eca\" data-element_type=\"widget\" data-widget_type=\"button.default\">\n\t\t\t\t<div class=\"elementor-widget-container\">\n\t\t\t\t\t\t\t\t\t<div class=\"elementor-button-wrapper\">\n\t\t\t\t\t<a class=\"elementor-button elementor-button-link elementor-size-sm\" href=\"https:\/\/stage-emergency.venturacounty.gov\/es\/#incident-map\">\n\t\t\t\t\t\t<span class=\"elementor-button-content-wrapper\">\n\t\t\t\t\t\t<span class=\"elementor-button-icon\">\n\t\t\t\t<i aria-hidden=\"true\" class=\"fas fa-map\"><\/i>\t\t\t<\/span>\n\t\t\t\t\t\t\t\t\t<span class=\"elementor-button-text\">Ir al mapa<\/span>\n\t\t\t\t\t<\/span>\n\t\t\t\t\t<\/a>\n\t\t\t\t<\/div>\n\t\t\t\t\t\t\t\t<\/div>\n\t\t\t\t<\/div>\n\t\t\t\t\t<\/div>\n\t\t<\/div>\n\t\t\t\t\t<\/div>\n\t\t<\/section>\n\t\t\t\t<section class=\"elementor-section elementor-top-section elementor-element elementor-element-32388fc elementor-section-boxed elementor-section-height-default elementor-section-height-default\" data-id=\"32388fc\" data-element_type=\"section\" data-settings=\"{&quot;background_background&quot;:&quot;classic&quot;}\">\n\t\t\t\t\t\t<div class=\"elementor-container elementor-column-gap-default\">\n\t\t\t\t\t<div class=\"elementor-column elementor-col-100 elementor-top-column elementor-element elementor-element-5a4b78d\" data-id=\"5a4b78d\" data-element_type=\"column\" data-settings=\"{&quot;background_background&quot;:&quot;classic&quot;}\">\n\t\t\t<div class=\"elementor-widget-wrap elementor-element-populated\">\n\t\t\t\t\t\t<div class=\"elementor-element elementor-element-d65c577 elementor-widget elementor-widget-heading\" data-id=\"d65c577\" data-element_type=\"widget\" data-widget_type=\"heading.default\">\n\t\t\t\t<div class=\"elementor-widget-container\">\n\t\t\t\t\t<h2 class=\"elementor-heading-title elementor-size-default\">C\u00f3mo afrontar las emergencias en el condado de Ventura<\/h2>\t\t\t\t<\/div>\n\t\t\t\t<\/div>\n\t\t\t\t<section class=\"elementor-section elementor-inner-section elementor-element elementor-element-f0a4d0f elementor-section-content-top elementor-section-boxed elementor-section-height-default elementor-section-height-default\" data-id=\"f0a4d0f\" data-element_type=\"section\" data-settings=\"{&quot;background_background&quot;:&quot;classic&quot;}\">\n\t\t\t\t\t\t<div class=\"elementor-container elementor-column-gap-no\">\n\t\t\t\t\t<div class=\"elementor-column elementor-col-33 elementor-inner-column elementor-element elementor-element-713d92a\" data-id=\"713d92a\" data-element_type=\"column\">\n\t\t\t<div class=\"elementor-widget-wrap elementor-element-populated\">\n\t\t\t\t\t\t<div class=\"elementor-element elementor-element-a85e6e5 elementor-widget elementor-widget-image\" data-id=\"a85e6e5\" data-element_type=\"widget\" data-widget_type=\"image.default\">\n\t\t\t\t<div class=\"elementor-widget-container\">\n\t\t\t\t\t\t\t\t\t\t\t\t\t\t\t\t<a href=\"https:\/\/ready.venturacounty.gov\/\" target=\"_blank\">\n\t\t\t\t\t\t\t<img decoding=\"async\" width=\"432\" height=\"288\" data-src=\"https:\/\/stage-emergency.venturacounty.gov\/wp-content\/smush-webp\/2024\/12\/VCEmergency_Prepare4.jpg.webp\" class=\"attachment-large size-large wp-image-6072 lazyload\" alt=\"Illustration of a white clipboard with the letters VC at the top, featuring three check marks and lines on a green background.\" data-srcset=\"https:\/\/stage-emergency.venturacounty.gov\/wp-content\/smush-webp\/2024\/12\/VCEmergency_Prepare4.jpg.webp 432w, https:\/\/stage-emergency.venturacounty.gov\/wp-content\/smush-webp\/2024\/12\/VCEmergency_Prepare4-300x200.jpg.webp 300w, https:\/\/stage-emergency.venturacounty.gov\/wp-content\/smush-webp\/2024\/12\/VCEmergency_Prepare4-18x12.jpg.webp 18w\" data-sizes=\"(max-width: 432px) 100vw, 432px\" src=\"data:image\/svg+xml;base64,PHN2ZyB3aWR0aD0iMSIgaGVpZ2h0PSIxIiB4bWxucz0iaHR0cDovL3d3dy53My5vcmcvMjAwMC9zdmciPjwvc3ZnPg==\" style=\"--smush-placeholder-width: 432px; --smush-placeholder-aspect-ratio: 432\/288;\" \/>\t\t\t\t\t\t\t\t<\/a>\n\t\t\t\t\t\t\t\t\t\t\t\t\t\t\t<\/div>\n\t\t\t\t<\/div>\n\t\t\t\t<div class=\"elementor-element elementor-element-ab672ee elementor-widget elementor-widget-heading\" data-id=\"ab672ee\" data-element_type=\"widget\" data-widget_type=\"heading.default\">\n\t\t\t\t<div class=\"elementor-widget-container\">\n\t\t\t\t\t<h3 class=\"elementor-heading-title elementor-size-default\">Preparar<\/h3>\t\t\t\t<\/div>\n\t\t\t\t<\/div>\n\t\t\t\t<div class=\"elementor-element elementor-element-7964b6f elementor-widget elementor-widget-text-editor\" data-id=\"7964b6f\" data-element_type=\"widget\" data-widget_type=\"text-editor.default\">\n\t\t\t\t<div class=\"elementor-widget-container\">\n\t\t\t\t\t\t\t\t\t<p>Sea un h\u00e9roe para su familia, prep\u00e1rese para la pr\u00f3xima emergencia.<\/p>\t\t\t\t\t\t\t\t<\/div>\n\t\t\t\t<\/div>\n\t\t\t\t\t<\/div>\n\t\t<\/div>\n\t\t\t\t<div class=\"elementor-column elementor-col-33 elementor-inner-column elementor-element elementor-element-63ed6d6\" data-id=\"63ed6d6\" data-element_type=\"column\">\n\t\t\t<div class=\"elementor-widget-wrap elementor-element-populated\">\n\t\t\t\t\t\t<div class=\"elementor-element elementor-element-0b17e22 elementor-widget elementor-widget-image\" data-id=\"0b17e22\" data-element_type=\"widget\" data-widget_type=\"image.default\">\n\t\t\t\t<div class=\"elementor-widget-container\">\n\t\t\t\t\t\t\t\t\t\t\t\t\t\t\t\t<a href=\"https:\/\/stage-emergency.venturacounty.gov\/es\/\" target=\"_blank\">\n\t\t\t\t\t\t\t<img decoding=\"async\" width=\"446\" height=\"300\" data-src=\"https:\/\/stage-emergency.venturacounty.gov\/wp-content\/smush-webp\/2024\/12\/VCEmergency_Alert4.jpg.webp\" class=\"attachment-large size-large wp-image-6074 lazyload\" alt=\"White triangle with an exclamation point and VC on a red background, indicating caution or alert.\" data-srcset=\"https:\/\/stage-emergency.venturacounty.gov\/wp-content\/smush-webp\/2024\/12\/VCEmergency_Alert4.jpg.webp 446w, https:\/\/stage-emergency.venturacounty.gov\/wp-content\/smush-webp\/2024\/12\/VCEmergency_Alert4-300x202.jpg.webp 300w, https:\/\/stage-emergency.venturacounty.gov\/wp-content\/smush-webp\/2024\/12\/VCEmergency_Alert4-18x12.jpg.webp 18w\" data-sizes=\"(max-width: 446px) 100vw, 446px\" src=\"data:image\/svg+xml;base64,PHN2ZyB3aWR0aD0iMSIgaGVpZ2h0PSIxIiB4bWxucz0iaHR0cDovL3d3dy53My5vcmcvMjAwMC9zdmciPjwvc3ZnPg==\" style=\"--smush-placeholder-width: 446px; --smush-placeholder-aspect-ratio: 446\/300;\" \/>\t\t\t\t\t\t\t\t<\/a>\n\t\t\t\t\t\t\t\t\t\t\t\t\t\t\t<\/div>\n\t\t\t\t<\/div>\n\t\t\t\t<div class=\"elementor-element elementor-element-7811602 elementor-widget elementor-widget-heading\" data-id=\"7811602\" data-element_type=\"widget\" data-widget_type=\"heading.default\">\n\t\t\t\t<div class=\"elementor-widget-container\">\n\t\t\t\t\t<h3 class=\"elementor-heading-title elementor-size-default\">Informaci\u00f3n de emergencia<\/h3>\t\t\t\t<\/div>\n\t\t\t\t<\/div>\n\t\t\t\t<div class=\"elementor-element elementor-element-b3f9df8 elementor-widget elementor-widget-text-editor\" data-id=\"b3f9df8\" data-element_type=\"widget\" data-widget_type=\"text-editor.default\">\n\t\t\t\t<div class=\"elementor-widget-container\">\n\t\t\t\t\t\t\t\t\t<p>Alertas, informaci\u00f3n, evacuaciones y m\u00e1s para el condado de Ventura.<\/p>\t\t\t\t\t\t\t\t<\/div>\n\t\t\t\t<\/div>\n\t\t\t\t\t<\/div>\n\t\t<\/div>\n\t\t\t\t<div class=\"elementor-column elementor-col-33 elementor-inner-column elementor-element elementor-element-989d80a\" data-id=\"989d80a\" data-element_type=\"column\">\n\t\t\t<div class=\"elementor-widget-wrap elementor-element-populated\">\n\t\t\t\t\t\t<div class=\"elementor-element elementor-element-7a4768a elementor-widget elementor-widget-image\" data-id=\"7a4768a\" data-element_type=\"widget\" data-widget_type=\"image.default\">\n\t\t\t\t<div class=\"elementor-widget-container\">\n\t\t\t\t\t\t\t\t\t\t\t\t\t\t\t\t<a href=\"https:\/\/recovery.venturacounty.gov\/\" target=\"_blank\">\n\t\t\t\t\t\t\t<img decoding=\"async\" width=\"432\" height=\"288\" data-src=\"https:\/\/stage-emergency.venturacounty.gov\/wp-content\/smush-webp\/2024\/12\/VCEmergency_Recover4.jpg.webp\" class=\"attachment-large size-large wp-image-6073 lazyload\" alt=\"White circular arrow surrounding VC on a blue background.\" data-srcset=\"https:\/\/stage-emergency.venturacounty.gov\/wp-content\/smush-webp\/2024\/12\/VCEmergency_Recover4.jpg.webp 432w, https:\/\/stage-emergency.venturacounty.gov\/wp-content\/smush-webp\/2024\/12\/VCEmergency_Recover4-300x200.jpg.webp 300w, https:\/\/stage-emergency.venturacounty.gov\/wp-content\/smush-webp\/2024\/12\/VCEmergency_Recover4-18x12.jpg.webp 18w\" data-sizes=\"(max-width: 432px) 100vw, 432px\" src=\"data:image\/svg+xml;base64,PHN2ZyB3aWR0aD0iMSIgaGVpZ2h0PSIxIiB4bWxucz0iaHR0cDovL3d3dy53My5vcmcvMjAwMC9zdmciPjwvc3ZnPg==\" style=\"--smush-placeholder-width: 432px; --smush-placeholder-aspect-ratio: 432\/288;\" \/>\t\t\t\t\t\t\t\t<\/a>\n\t\t\t\t\t\t\t\t\t\t\t\t\t\t\t<\/div>\n\t\t\t\t<\/div>\n\t\t\t\t<div class=\"elementor-element elementor-element-5af4517 elementor-widget elementor-widget-heading\" data-id=\"5af4517\" data-element_type=\"widget\" data-widget_type=\"heading.default\">\n\t\t\t\t<div class=\"elementor-widget-container\">\n\t\t\t\t\t<h3 class=\"elementor-heading-title elementor-size-default\">Recuperaci\u00f3n<\/h3>\t\t\t\t<\/div>\n\t\t\t\t<\/div>\n\t\t\t\t<div class=\"elementor-element elementor-element-54502ee elementor-widget elementor-widget-text-editor\" data-id=\"54502ee\" data-element_type=\"widget\" data-widget_type=\"text-editor.default\">\n\t\t\t\t<div class=\"elementor-widget-container\">\n\t\t\t\t\t\t\t\t\t<p>Informaci\u00f3n y recursos de recuperaci\u00f3n, qu\u00e9 hacer despu\u00e9s de una emergencia.<\/p>\t\t\t\t\t\t\t\t<\/div>\n\t\t\t\t<\/div>\n\t\t\t\t\t<\/div>\n\t\t<\/div>\n\t\t\t\t\t<\/div>\n\t\t<\/section>\n\t\t\t\t\t<\/div>\n\t\t<\/div>\n\t\t\t\t\t<\/div>\n\t\t<\/section>\n\t\t\t\t<\/div>","protected":false},"excerpt":{"rendered":"<p>Cont\u00e1ctenos Oficina de Servicios de Emergencia del Sheriff del Condado de Ventura. El equipo de Servicios de Emergencia del Sheriff del Condado de Ventura se dedica a proteger la vida, la propiedad y el medio ambiente, liderando el desarrollo y la implementaci\u00f3n de un plan conjunto a nivel de condado para la preparaci\u00f3n, mitigaci\u00f3n, respuesta y recuperaci\u00f3n ante emergencias, aprovechando todos los recursos locales, estatales y federales. Coordinamos la preparaci\u00f3n y [\u2026]<\/p>","protected":false},"author":1,"featured_media":0,"parent":0,"menu_order":0,"comment_status":"closed","ping_status":"closed","template":"elementor_header_footer","meta":{"footnotes":""},"class_list":["post-1998","page","type-page","status-publish","hentry","entry"],"yoast_head":"<!-- This site is optimized with the Yoast SEO plugin v26.8 - https:\/\/yoast.com\/product\/yoast-seo-wordpress\/ -->\n<title>Contact Us - VC Emergency<\/title>\n<meta name=\"robots\" content=\"index, follow, max-snippet:-1, max-image-preview:large, max-video-preview:-1\" \/>\n<link rel=\"canonical\" href=\"https:\/\/stage-emergency.venturacounty.gov\/es\/contact-us\/\" \/>\n<meta property=\"og:locale\" content=\"es_MX\" \/>\n<meta property=\"og:type\" content=\"article\" \/>\n<meta property=\"og:title\" content=\"Contact Us - VC Emergency\" \/>\n<meta property=\"og:description\" content=\"Contact Us Ventura County Sheriff Office of Emergency Services The Ventura County Sheriff&#8217;s Emergency Services team is dedicated to protecting life, property, and the environment by leading the development and implementation of a cooperative countywide plan for emergency preparedness, mitigation, response, and recovery, drawing from all local, state, and federal resources.\u00a0 We coordinate preparedness and [&hellip;]\" \/>\n<meta property=\"og:url\" content=\"https:\/\/stage-emergency.venturacounty.gov\/es\/contact-us\/\" \/>\n<meta property=\"og:site_name\" content=\"VC Emergency\" \/>\n<meta property=\"article:modified_time\" content=\"2025-11-07T19:50:08+00:00\" \/>\n<meta property=\"og:image\" content=\"https:\/\/stage-emergency.venturacounty.gov\/wp-content\/uploads\/2024\/12\/VC-Alert-Logo-2019-700x163-1-copy.png\" \/>\n\t<meta property=\"og:image:width\" content=\"700\" \/>\n\t<meta property=\"og:image:height\" content=\"163\" \/>\n\t<meta property=\"og:image:type\" content=\"image\/png\" \/>\n<meta name=\"twitter:card\" content=\"summary_large_image\" \/>\n<meta name=\"twitter:label1\" content=\"Tiempo de lectura\" \/>\n\t<meta name=\"twitter:data1\" content=\"2 minutos\" \/>\n<script type=\"application\/ld+json\" class=\"yoast-schema-graph\">{\"@context\":\"https:\/\/schema.org\",\"@graph\":[{\"@type\":\"WebPage\",\"@id\":\"https:\/\/stage-emergency.venturacounty.gov\/contact-us\/\",\"url\":\"https:\/\/stage-emergency.venturacounty.gov\/contact-us\/\",\"name\":\"Contact Us - VC Emergency\",\"isPartOf\":{\"@id\":\"https:\/\/stage-emergency.venturacounty.gov\/#website\"},\"primaryImageOfPage\":{\"@id\":\"https:\/\/stage-emergency.venturacounty.gov\/contact-us\/#primaryimage\"},\"image\":{\"@id\":\"https:\/\/stage-emergency.venturacounty.gov\/contact-us\/#primaryimage\"},\"thumbnailUrl\":\"https:\/\/stage-emergency.venturacounty.gov\/wp-content\/uploads\/2024\/12\/VC-Alert-Logo-2019-700x163-1-copy.png\",\"datePublished\":\"2018-02-15T19:48:03+00:00\",\"dateModified\":\"2025-11-07T19:50:08+00:00\",\"breadcrumb\":{\"@id\":\"https:\/\/stage-emergency.venturacounty.gov\/contact-us\/#breadcrumb\"},\"inLanguage\":\"es\",\"potentialAction\":[{\"@type\":\"ReadAction\",\"target\":[\"https:\/\/stage-emergency.venturacounty.gov\/contact-us\/\"]}]},{\"@type\":\"ImageObject\",\"inLanguage\":\"es\",\"@id\":\"https:\/\/stage-emergency.venturacounty.gov\/contact-us\/#primaryimage\",\"url\":\"https:\/\/stage-emergency.venturacounty.gov\/wp-content\/uploads\/2024\/12\/VC-Alert-Logo-2019-700x163-1-copy.png\",\"contentUrl\":\"https:\/\/stage-emergency.venturacounty.gov\/wp-content\/uploads\/2024\/12\/VC-Alert-Logo-2019-700x163-1-copy.png\"},{\"@type\":\"BreadcrumbList\",\"@id\":\"https:\/\/stage-emergency.venturacounty.gov\/contact-us\/#breadcrumb\",\"itemListElement\":[{\"@type\":\"ListItem\",\"position\":1,\"name\":\"Home\",\"item\":\"https:\/\/stage-emergency.venturacounty.gov\/\"},{\"@type\":\"ListItem\",\"position\":2,\"name\":\"Contact Us\"}]},{\"@type\":\"WebSite\",\"@id\":\"https:\/\/stage-emergency.venturacounty.gov\/#website\",\"url\":\"https:\/\/stage-emergency.venturacounty.gov\/\",\"name\":\"VC Emergency\",\"description\":\"Ventura County Emergency Information\",\"publisher\":{\"@id\":\"https:\/\/stage-emergency.venturacounty.gov\/#organization\"},\"potentialAction\":[{\"@type\":\"SearchAction\",\"target\":{\"@type\":\"EntryPoint\",\"urlTemplate\":\"https:\/\/stage-emergency.venturacounty.gov\/?s={search_term_string}\"},\"query-input\":{\"@type\":\"PropertyValueSpecification\",\"valueRequired\":true,\"valueName\":\"search_term_string\"}}],\"inLanguage\":\"es\"},{\"@type\":\"Organization\",\"@id\":\"https:\/\/stage-emergency.venturacounty.gov\/#organization\",\"name\":\"VC Emergency\",\"url\":\"https:\/\/stage-emergency.venturacounty.gov\/\",\"logo\":{\"@type\":\"ImageObject\",\"inLanguage\":\"es\",\"@id\":\"https:\/\/stage-emergency.venturacounty.gov\/#\/schema\/logo\/image\/\",\"url\":\"https:\/\/stage-emergency.venturacounty.gov\/wp-content\/uploads\/2020\/02\/VCEmergency_ForWebOnly3.png\",\"contentUrl\":\"https:\/\/stage-emergency.venturacounty.gov\/wp-content\/uploads\/2020\/02\/VCEmergency_ForWebOnly3.png\",\"width\":2855,\"height\":310,\"caption\":\"VC Emergency\"},\"image\":{\"@id\":\"https:\/\/stage-emergency.venturacounty.gov\/#\/schema\/logo\/image\/\"}}]}<\/script>\n<!-- \/ Yoast SEO plugin. -->","yoast_head_json":{"title":"Cont\u00e1ctenos - Emergencia VC","robots":{"index":"index","follow":"follow","max-snippet":"max-snippet:-1","max-image-preview":"max-image-preview:large","max-video-preview":"max-video-preview:-1"},"canonical":"https:\/\/stage-emergency.venturacounty.gov\/es\/contact-us\/","og_locale":"es_MX","og_type":"article","og_title":"Contact Us - VC Emergency","og_description":"Contact Us Ventura County Sheriff Office of Emergency Services The Ventura County Sheriff&#8217;s Emergency Services team is dedicated to protecting life, property, and the environment by leading the development and implementation of a cooperative countywide plan for emergency preparedness, mitigation, response, and recovery, drawing from all local, state, and federal resources.\u00a0 We coordinate preparedness and [&hellip;]","og_url":"https:\/\/stage-emergency.venturacounty.gov\/es\/contact-us\/","og_site_name":"VC Emergency","article_modified_time":"2025-11-07T19:50:08+00:00","og_image":[{"width":700,"height":163,"url":"https:\/\/stage-emergency.venturacounty.gov\/wp-content\/uploads\/2024\/12\/VC-Alert-Logo-2019-700x163-1-copy.png","type":"image\/png"}],"twitter_card":"summary_large_image","twitter_misc":{"Tiempo de lectura":"2 minutos"},"schema":{"@context":"https:\/\/schema.org","@graph":[{"@type":"WebPage","@id":"https:\/\/stage-emergency.venturacounty.gov\/contact-us\/","url":"https:\/\/stage-emergency.venturacounty.gov\/contact-us\/","name":"Cont\u00e1ctenos - Emergencia VC","isPartOf":{"@id":"https:\/\/stage-emergency.venturacounty.gov\/#website"},"primaryImageOfPage":{"@id":"https:\/\/stage-emergency.venturacounty.gov\/contact-us\/#primaryimage"},"image":{"@id":"https:\/\/stage-emergency.venturacounty.gov\/contact-us\/#primaryimage"},"thumbnailUrl":"https:\/\/stage-emergency.venturacounty.gov\/wp-content\/uploads\/2024\/12\/VC-Alert-Logo-2019-700x163-1-copy.png","datePublished":"2018-02-15T19:48:03+00:00","dateModified":"2025-11-07T19:50:08+00:00","breadcrumb":{"@id":"https:\/\/stage-emergency.venturacounty.gov\/contact-us\/#breadcrumb"},"inLanguage":"es","potentialAction":[{"@type":"ReadAction","target":["https:\/\/stage-emergency.venturacounty.gov\/contact-us\/"]}]},{"@type":"ImageObject","inLanguage":"es","@id":"https:\/\/stage-emergency.venturacounty.gov\/contact-us\/#primaryimage","url":"https:\/\/stage-emergency.venturacounty.gov\/wp-content\/uploads\/2024\/12\/VC-Alert-Logo-2019-700x163-1-copy.png","contentUrl":"https:\/\/stage-emergency.venturacounty.gov\/wp-content\/uploads\/2024\/12\/VC-Alert-Logo-2019-700x163-1-copy.png"},{"@type":"BreadcrumbList","@id":"https:\/\/stage-emergency.venturacounty.gov\/contact-us\/#breadcrumb","itemListElement":[{"@type":"ListItem","position":1,"name":"Home","item":"https:\/\/stage-emergency.venturacounty.gov\/"},{"@type":"ListItem","position":2,"name":"Contact Us"}]},{"@type":"WebSite","@id":"https:\/\/stage-emergency.venturacounty.gov\/#website","url":"https:\/\/stage-emergency.venturacounty.gov\/","name":"Emergencia de VC","description":"Informaci\u00f3n de emergencia del condado de Ventura","publisher":{"@id":"https:\/\/stage-emergency.venturacounty.gov\/#organization"},"potentialAction":[{"@type":"SearchAction","target":{"@type":"EntryPoint","urlTemplate":"https:\/\/stage-emergency.venturacounty.gov\/?s={search_term_string}"},"query-input":{"@type":"PropertyValueSpecification","valueRequired":true,"valueName":"search_term_string"}}],"inLanguage":"es"},{"@type":"Organization","@id":"https:\/\/stage-emergency.venturacounty.gov\/#organization","name":"Emergencia de VC","url":"https:\/\/stage-emergency.venturacounty.gov\/","logo":{"@type":"ImageObject","inLanguage":"es","@id":"https:\/\/stage-emergency.venturacounty.gov\/#\/schema\/logo\/image\/","url":"https:\/\/stage-emergency.venturacounty.gov\/wp-content\/uploads\/2020\/02\/VCEmergency_ForWebOnly3.png","contentUrl":"https:\/\/stage-emergency.venturacounty.gov\/wp-content\/uploads\/2020\/02\/VCEmergency_ForWebOnly3.png","width":2855,"height":310,"caption":"VC Emergency"},"image":{"@id":"https:\/\/stage-emergency.venturacounty.gov\/#\/schema\/logo\/image\/"}}]}},"_links":{"self":[{"href":"https:\/\/stage-emergency.venturacounty.gov\/es\/wp-json\/wp\/v2\/pages\/1998","targetHints":{"allow":["GET"]}}],"collection":[{"href":"https:\/\/stage-emergency.venturacounty.gov\/es\/wp-json\/wp\/v2\/pages"}],"about":[{"href":"https:\/\/stage-emergency.venturacounty.gov\/es\/wp-json\/wp\/v2\/types\/page"}],"author":[{"embeddable":true,"href":"https:\/\/stage-emergency.venturacounty.gov\/es\/wp-json\/wp\/v2\/users\/1"}],"replies":[{"embeddable":true,"href":"https:\/\/stage-emergency.venturacounty.gov\/es\/wp-json\/wp\/v2\/comments?post=1998"}],"version-history":[{"count":6,"href":"https:\/\/stage-emergency.venturacounty.gov\/es\/wp-json\/wp\/v2\/pages\/1998\/revisions"}],"predecessor-version":[{"id":6943,"href":"https:\/\/stage-emergency.venturacounty.gov\/es\/wp-json\/wp\/v2\/pages\/1998\/revisions\/6943"}],"wp:attachment":[{"href":"https:\/\/stage-emergency.venturacounty.gov\/es\/wp-json\/wp\/v2\/media?parent=1998"}],"curies":[{"name":"gracias","href":"https:\/\/api.w.org\/{rel}","templated":true}]}}