{"id":6269,"date":"2025-02-13T10:24:13","date_gmt":"2025-02-13T18:24:13","guid":{"rendered":"https:\/\/s47187.p1092.sites.pressdns.com\/?page_id=6269"},"modified":"2025-02-21T12:58:21","modified_gmt":"2025-02-21T20:58:21","slug":"accessibility-statement","status":"publish","type":"page","link":"https:\/\/stage-emergency.venturacounty.gov\/es\/accessibility-statement\/","title":{"rendered":"Declaraci\u00f3n de accesibilidad"},"content":{"rendered":"<div data-elementor-type=\"wp-page\" data-elementor-id=\"6269\" class=\"elementor elementor-6269\" data-elementor-post-type=\"page\">\n\t\t\t\t\t\t<section class=\"elementor-section elementor-top-section elementor-element elementor-element-d1ed6a1 elementor-section-boxed elementor-section-height-default elementor-section-height-default\" data-id=\"d1ed6a1\" data-element_type=\"section\">\n\t\t\t\t\t\t<div class=\"elementor-container elementor-column-gap-default\">\n\t\t\t\t\t<div class=\"elementor-column elementor-col-100 elementor-top-column elementor-element elementor-element-1c7fb00\" data-id=\"1c7fb00\" data-element_type=\"column\">\n\t\t\t<div class=\"elementor-widget-wrap elementor-element-populated\">\n\t\t\t\t\t\t<div class=\"elementor-element elementor-element-5a89e75 elementor-widget elementor-widget-text-editor\" data-id=\"5a89e75\" data-element_type=\"widget\" data-widget_type=\"text-editor.default\">\n\t\t\t\t<div class=\"elementor-widget-container\">\n\t\t\t\t\t\t\t\t\t<p style=\"font-variant-ligatures: normal; font-variant-caps: normal; font-family: 'Open Sans', sans-serif; font-size: 16px; font-style: normal; font-weight: 400;\">\u00daltima actualizaci\u00f3n: 13 de febrero de 2025<\/p><p>En la Oficina del Sheriff del Condado de Ventura, nos esforzamos por crear y mantener un entorno accesible e inclusivo. Hemos invertido una cantidad considerable de recursos para garantizar que su sitio web sea m\u00e1s f\u00e1cil de usar y accesible para las personas con discapacidad, con la firme convicci\u00f3n de que toda persona tiene derecho a vivir con dignidad, igualdad, comodidad e independencia.<\/p><h3 role=\"heading\" data-uw-rm-heading=\"level\" aria-level=\"1\">El est\u00e1ndar al que nos adherimos<\/h3><p>Nuestro objetivo en materia de accesibilidad es cumplir o superar el nivel AA de las Pautas de Accesibilidad al Contenido Web (WCAG) 2.2. WCAG es un est\u00e1ndar internacional y abierto desarrollado por el W3C, l\u00edder en est\u00e1ndares web.<\/p><h3 role=\"heading\" data-uw-rm-heading=\"level\" aria-level=\"2\">Funciones de accesibilidad<\/h3><p>Funciones de accesibilidad configuradas espec\u00edficamente para funcionar con tecnolog\u00eda de asistencia. Estas funciones:<\/p><ul><li>HTML sem\u00e1ntico.<\/li><li>T\u00edtulos de p\u00e1gina descriptivos.<\/li><li>Jerarqu\u00eda de encabezado adecuada.<\/li><li>Roles de referencia para describir elementos y secciones dentro de las p\u00e1ginas.<\/li><li>Nombres \u00fanicos y descriptivos para elementos interactivos.<\/li><li>Enlaces de salto para ayudar a navegar m\u00e1s all\u00e1 del contenido repetido.<\/li><li>Descripciones accesibles para todo el contenido no textual.<\/li><li>T\u00edtulos en todo el contenido incrustado.<\/li><li>Uso de las funciones de ARIA para ayudar a cubrir las lagunas en el soporte de tecnolog\u00eda de asistencia.<\/li><\/ul><h3>Especificaciones t\u00e9cnicas<\/h3><p>Confiamos en las siguientes tecnolog\u00edas para trabajar con la combinaci\u00f3n particular de navegador web y cualquier tecnolog\u00eda de asistencia o complemento instalado en su computadora:<\/p><ul><li><a href=\"https:\/\/html.spec.whatwg.org\/multipage\/\" data-uw-rm-brl=\"PR\" data-uw-original-href=\"https:\/\/html.spec.whatwg.org\/multipage\/\">HTML<\/a><\/li><li><a href=\"https:\/\/www.w3.org\/WAI\/standards-guidelines\/aria\/\" data-uw-rm-brl=\"PR\" data-uw-original-href=\"https:\/\/www.w3.org\/WAI\/standards-guidelines\/aria\/\">ARIA<\/a><\/li><li><a href=\"https:\/\/www.w3.org\/Style\/CSS\/\" data-uw-rm-brl=\"PR\" data-uw-original-href=\"https:\/\/www.w3.org\/Style\/CSS\/\">CSS<\/a><\/li><li><a href=\"https:\/\/www.w3.org\/standards\/webdesign\/script.html\" data-uw-rm-brl=\"PR\" data-uw-original-href=\"https:\/\/www.w3.org\/standards\/webdesign\/script.html\">JavaScript<\/a><\/li><li><a href=\"https:\/\/www.w3.org\/TR\/SVG2\/\" data-uw-rm-brl=\"PR\" data-uw-original-href=\"https:\/\/www.w3.org\/TR\/SVG2\/\">SVG<\/a><\/li><\/ul><h3>Ay\u00fadanos a mejorar<\/h3><p>El mundo de la accesibilidad est\u00e1 en constante evoluci\u00f3n y nos esforzamos por mantenernos a la vanguardia. Sin embargo, si detecta alg\u00fan problema de accesibilidad, por favor, inf\u00f3rmenos. Nos tomamos estos problemas muy en serio y nos comprometemos a solucionarlos lo antes posible. Tambi\u00e9n le incluiremos en el proceso si as\u00ed lo desea.<\/p><p>Puede enviar un problema de accesibilidad mediante:<\/p><p>Tel\u00e9fono: <a href=\"tel:&#040;&#056;&#048;5)&#032;6&#053;4-&#050;&#053;5&#049;\">&#40;&#56;&#48;5)&#32;6&#53;4-&#50;&#53;5&#49;<\/a><br \/>DIRECCI\u00d3N:\u00a0<a href=\"https:\/\/maps.app.goo.gl\/nvUYDd9zt9ARh4po7\" target=\"_blank\" rel=\"noopener\" aria-label=\"[NOMBRE DEL SITIO] Ubicaci\u00f3n - abrir en una nueva pesta\u00f1a\">Oficina del Sheriff del Condado de Ventura \u2013 800 S. Victoria Ave, Ventura, CA 93009<\/a><\/p><p>\u00a0<\/p>\t\t\t\t\t\t\t\t<\/div>\n\t\t\t\t<\/div>\n\t\t\t\t\t<\/div>\n\t\t<\/div>\n\t\t\t\t\t<\/div>\n\t\t<\/section>\n\t\t\t\t<\/div>","protected":false},"excerpt":{"rendered":"<p>\u00daltima actualizaci\u00f3n: 13 de febrero de 2025. En la Oficina del Sheriff del Condado de Ventura, nos esforzamos por crear y mantener un entorno accesible e inclusivo. Hemos invertido una cantidad significativa de recursos para garantizar que su sitio web sea m\u00e1s f\u00e1cil de usar y accesible para las personas con discapacidad, con la firme convicci\u00f3n de que cada persona tiene [\u2026]<\/p>","protected":false},"author":26,"featured_media":0,"parent":0,"menu_order":0,"comment_status":"closed","ping_status":"closed","template":"","meta":{"footnotes":""},"class_list":["post-6269","page","type-page","status-publish","hentry","entry"],"yoast_head":"<!-- This site is optimized with the Yoast SEO plugin v26.8 - https:\/\/yoast.com\/product\/yoast-seo-wordpress\/ -->\n<title>Accessibility Statement - VC Emergency<\/title>\n<meta name=\"robots\" content=\"index, follow, max-snippet:-1, max-image-preview:large, max-video-preview:-1\" \/>\n<link rel=\"canonical\" href=\"https:\/\/stage-emergency.venturacounty.gov\/es\/accessibility-statement\/\" \/>\n<meta property=\"og:locale\" content=\"es_MX\" \/>\n<meta property=\"og:type\" content=\"article\" \/>\n<meta property=\"og:title\" content=\"Accessibility Statement - VC Emergency\" \/>\n<meta property=\"og:description\" content=\"Last Updated: Feb 13, 2025 At Ventura County Sheriff&#8217;s Office, we strive to create and maintain an accessible and inclusive environment. We have invested a significant amount of resources to help ensure that its website is made easier to use and more accessible for people with disabilities, with the strong belief that every person has [&hellip;]\" \/>\n<meta property=\"og:url\" content=\"https:\/\/stage-emergency.venturacounty.gov\/es\/accessibility-statement\/\" \/>\n<meta property=\"og:site_name\" content=\"VC Emergency\" \/>\n<meta property=\"article:modified_time\" content=\"2025-02-21T20:58:21+00:00\" \/>\n<meta name=\"twitter:card\" content=\"summary_large_image\" \/>\n<meta name=\"twitter:label1\" content=\"Tiempo de lectura\" \/>\n\t<meta name=\"twitter:data1\" content=\"2 minutos\" \/>\n<script type=\"application\/ld+json\" class=\"yoast-schema-graph\">{\"@context\":\"https:\/\/schema.org\",\"@graph\":[{\"@type\":\"WebPage\",\"@id\":\"https:\/\/stage-emergency.venturacounty.gov\/accessibility-statement\/\",\"url\":\"https:\/\/stage-emergency.venturacounty.gov\/accessibility-statement\/\",\"name\":\"Accessibility Statement - VC Emergency\",\"isPartOf\":{\"@id\":\"https:\/\/stage-emergency.venturacounty.gov\/#website\"},\"datePublished\":\"2025-02-13T18:24:13+00:00\",\"dateModified\":\"2025-02-21T20:58:21+00:00\",\"breadcrumb\":{\"@id\":\"https:\/\/stage-emergency.venturacounty.gov\/accessibility-statement\/#breadcrumb\"},\"inLanguage\":\"es\",\"potentialAction\":[{\"@type\":\"ReadAction\",\"target\":[\"https:\/\/stage-emergency.venturacounty.gov\/accessibility-statement\/\"]}]},{\"@type\":\"BreadcrumbList\",\"@id\":\"https:\/\/stage-emergency.venturacounty.gov\/accessibility-statement\/#breadcrumb\",\"itemListElement\":[{\"@type\":\"ListItem\",\"position\":1,\"name\":\"Home\",\"item\":\"https:\/\/stage-emergency.venturacounty.gov\/\"},{\"@type\":\"ListItem\",\"position\":2,\"name\":\"Accessibility Statement\"}]},{\"@type\":\"WebSite\",\"@id\":\"https:\/\/stage-emergency.venturacounty.gov\/#website\",\"url\":\"https:\/\/stage-emergency.venturacounty.gov\/\",\"name\":\"VC Emergency\",\"description\":\"Ventura County Emergency Information\",\"publisher\":{\"@id\":\"https:\/\/stage-emergency.venturacounty.gov\/#organization\"},\"potentialAction\":[{\"@type\":\"SearchAction\",\"target\":{\"@type\":\"EntryPoint\",\"urlTemplate\":\"https:\/\/stage-emergency.venturacounty.gov\/?s={search_term_string}\"},\"query-input\":{\"@type\":\"PropertyValueSpecification\",\"valueRequired\":true,\"valueName\":\"search_term_string\"}}],\"inLanguage\":\"es\"},{\"@type\":\"Organization\",\"@id\":\"https:\/\/stage-emergency.venturacounty.gov\/#organization\",\"name\":\"VC Emergency\",\"url\":\"https:\/\/stage-emergency.venturacounty.gov\/\",\"logo\":{\"@type\":\"ImageObject\",\"inLanguage\":\"es\",\"@id\":\"https:\/\/stage-emergency.venturacounty.gov\/#\/schema\/logo\/image\/\",\"url\":\"https:\/\/stage-emergency.venturacounty.gov\/wp-content\/uploads\/2020\/02\/VCEmergency_ForWebOnly3.png\",\"contentUrl\":\"https:\/\/stage-emergency.venturacounty.gov\/wp-content\/uploads\/2020\/02\/VCEmergency_ForWebOnly3.png\",\"width\":2855,\"height\":310,\"caption\":\"VC Emergency\"},\"image\":{\"@id\":\"https:\/\/stage-emergency.venturacounty.gov\/#\/schema\/logo\/image\/\"}}]}<\/script>\n<!-- \/ Yoast SEO plugin. -->","yoast_head_json":{"title":"Declaraci\u00f3n de accesibilidad - VC Emergency","robots":{"index":"index","follow":"follow","max-snippet":"max-snippet:-1","max-image-preview":"max-image-preview:large","max-video-preview":"max-video-preview:-1"},"canonical":"https:\/\/stage-emergency.venturacounty.gov\/es\/accessibility-statement\/","og_locale":"es_MX","og_type":"article","og_title":"Accessibility Statement - VC Emergency","og_description":"Last Updated: Feb 13, 2025 At Ventura County Sheriff&#8217;s Office, we strive to create and maintain an accessible and inclusive environment. We have invested a significant amount of resources to help ensure that its website is made easier to use and more accessible for people with disabilities, with the strong belief that every person has [&hellip;]","og_url":"https:\/\/stage-emergency.venturacounty.gov\/es\/accessibility-statement\/","og_site_name":"VC Emergency","article_modified_time":"2025-02-21T20:58:21+00:00","twitter_card":"summary_large_image","twitter_misc":{"Tiempo de lectura":"2 minutos"},"schema":{"@context":"https:\/\/schema.org","@graph":[{"@type":"WebPage","@id":"https:\/\/stage-emergency.venturacounty.gov\/accessibility-statement\/","url":"https:\/\/stage-emergency.venturacounty.gov\/accessibility-statement\/","name":"Declaraci\u00f3n de accesibilidad - VC Emergency","isPartOf":{"@id":"https:\/\/stage-emergency.venturacounty.gov\/#website"},"datePublished":"2025-02-13T18:24:13+00:00","dateModified":"2025-02-21T20:58:21+00:00","breadcrumb":{"@id":"https:\/\/stage-emergency.venturacounty.gov\/accessibility-statement\/#breadcrumb"},"inLanguage":"es","potentialAction":[{"@type":"ReadAction","target":["https:\/\/stage-emergency.venturacounty.gov\/accessibility-statement\/"]}]},{"@type":"BreadcrumbList","@id":"https:\/\/stage-emergency.venturacounty.gov\/accessibility-statement\/#breadcrumb","itemListElement":[{"@type":"ListItem","position":1,"name":"Home","item":"https:\/\/stage-emergency.venturacounty.gov\/"},{"@type":"ListItem","position":2,"name":"Accessibility Statement"}]},{"@type":"WebSite","@id":"https:\/\/stage-emergency.venturacounty.gov\/#website","url":"https:\/\/stage-emergency.venturacounty.gov\/","name":"Emergencia de VC","description":"Informaci\u00f3n de emergencia del condado de Ventura","publisher":{"@id":"https:\/\/stage-emergency.venturacounty.gov\/#organization"},"potentialAction":[{"@type":"SearchAction","target":{"@type":"EntryPoint","urlTemplate":"https:\/\/stage-emergency.venturacounty.gov\/?s={search_term_string}"},"query-input":{"@type":"PropertyValueSpecification","valueRequired":true,"valueName":"search_term_string"}}],"inLanguage":"es"},{"@type":"Organization","@id":"https:\/\/stage-emergency.venturacounty.gov\/#organization","name":"Emergencia de VC","url":"https:\/\/stage-emergency.venturacounty.gov\/","logo":{"@type":"ImageObject","inLanguage":"es","@id":"https:\/\/stage-emergency.venturacounty.gov\/#\/schema\/logo\/image\/","url":"https:\/\/stage-emergency.venturacounty.gov\/wp-content\/uploads\/2020\/02\/VCEmergency_ForWebOnly3.png","contentUrl":"https:\/\/stage-emergency.venturacounty.gov\/wp-content\/uploads\/2020\/02\/VCEmergency_ForWebOnly3.png","width":2855,"height":310,"caption":"VC Emergency"},"image":{"@id":"https:\/\/stage-emergency.venturacounty.gov\/#\/schema\/logo\/image\/"}}]}},"_links":{"self":[{"href":"https:\/\/stage-emergency.venturacounty.gov\/es\/wp-json\/wp\/v2\/pages\/6269","targetHints":{"allow":["GET"]}}],"collection":[{"href":"https:\/\/stage-emergency.venturacounty.gov\/es\/wp-json\/wp\/v2\/pages"}],"about":[{"href":"https:\/\/stage-emergency.venturacounty.gov\/es\/wp-json\/wp\/v2\/types\/page"}],"author":[{"embeddable":true,"href":"https:\/\/stage-emergency.venturacounty.gov\/es\/wp-json\/wp\/v2\/users\/26"}],"replies":[{"embeddable":true,"href":"https:\/\/stage-emergency.venturacounty.gov\/es\/wp-json\/wp\/v2\/comments?post=6269"}],"version-history":[{"count":0,"href":"https:\/\/stage-emergency.venturacounty.gov\/es\/wp-json\/wp\/v2\/pages\/6269\/revisions"}],"wp:attachment":[{"href":"https:\/\/stage-emergency.venturacounty.gov\/es\/wp-json\/wp\/v2\/media?parent=6269"}],"curies":[{"name":"gracias","href":"https:\/\/api.w.org\/{rel}","templated":true}]}}